{"id":49,"date":"2024-01-24T02:49:04","date_gmt":"2024-01-24T02:49:04","guid":{"rendered":"https:\/\/darko-tours.com\/?page_id=49"},"modified":"2026-02-16T09:36:43","modified_gmt":"2026-02-16T09:36:43","slug":"kontakt","status":"publish","type":"page","link":"https:\/\/darko-tours.com\/hr\/kontakt\/","title":{"rendered":"Kontakt"},"content":{"rendered":"<h2>Kontakt \u2013 Darko Tours Prijevoz d.o.o.<\/h2>\n<p>Za sve informacije o najmu autobusa, prijevozu putnika, autopraonici, parkiranju ili AdBlue usluzi, slobodno nas kontaktirajte. Na\u0161 tim stoji vam na raspolaganju za sve upite, ponude i rezervacije \u2013 brzo, jednostavno i profesionalno.<\/p>\n<h3>Sjedi\u0161te tvrtke<\/h3>\n<p><strong>DARKO TOURS PRIJEVOZ d.o.o. za usluge prijevoza i turisti\u010dka agencija<\/strong><br \/>\nTrnovec Desini\u0107ki 2, 49216 Desini\u0107, Hrvatska<\/p>\n<h3>Podru\u017enica Zagreb<\/h3>\n<p><strong>DARKO TOURS PRIJEVOZ d.o.o.<\/strong><br \/>\nSlavonska avenija 21b, 10040 Zagreb, Hrvatska<\/p>\n<h3>Kontakt informacije<\/h3>\n<p><strong>Tel<\/strong>: +385 (0)49 343 394<br \/>\n<strong>Mob<\/strong>: +385 (0)98 996 8161<br \/>\n<strong>Fax<\/strong>: +385 (0)49 343 113<br \/>\n<strong>E-mail<\/strong>: info@darko-tours.com<\/p>\n<h3>Hitne autobusne usluge 00\u201324<\/h3>\n<p>Za sve hitne situacije, kvarove ili potrebu za brzim prijevozom, dostupni smo 24 sata dnevno. Na\u0161a vozila i voza\u010di spremni su reagirati odma. Nudimo pouzdana i brza rje\u0161enja u kriznim trenucima.<br \/>\n<strong>Emergency bus service broj<\/strong>: +385 98 996 8161<\/p>\n<h3>Pratite nas<\/h3>\n<p>Budite u tijeku s novostima i objavama na dru\u0161tvenim mre\u017eama:<br \/>\n<a href=\"https:\/\/hr-hr.facebook.com\/darkotoursdoo\" target=\"_blank\" rel=\"noopener\">Facebook \u2013 Darko Tours d.o.o.<\/a><br \/>\n<a href=\"https:\/\/www.instagram.com\/darkotours\/?hl=hr\" target=\"_blank\" rel=\"noopener\">Instagram \u2013 @darkotours<\/a><\/p>\n<h3>Za\u0161tita osobnih podataka<\/h3>\n<p>Svi osobni podaci koje prikupimo putem ovog obrasca koriste se isklju\u010divo za obradu va\u0161eg upita ili rezervacije, u skladu s GDPR direktivom (EU 2016\/679). Va\u0161a privatnost nam je va\u017ena i jam\u010dimo sigurnu pohranu svih informacija.<\/p>\n","protected":false},"excerpt":{"rendered":"<p>Kontakt \u2013 Darko Tours Prijevoz d.o.o. Za sve informacije o najmu autobusa, prijevozu putnika, autopraonici, parkiranju ili AdBlue usluzi, slobodno nas kontaktirajte. Na\u0161 tim stoji vam na raspolaganju za sve upite, ponude i rezervacije \u2013 brzo, jednostavno i profesionalno. Sjedi\u0161te tvrtke DARKO TOURS PRIJEVOZ d.o.o. za usluge prijevoza i turisti\u010dka agencija Trnovec Desini\u0107ki 2, 49216 [&hellip;]<\/p>\n","protected":false},"author":2,"featured_media":0,"parent":0,"menu_order":6,"comment_status":"closed","ping_status":"closed","template":"","meta":{"_acf_changed":false,"_et_pb_use_builder":"","_et_pb_old_content":"","_et_gb_content_width":"","inline_featured_image":false,"footnotes":""},"class_list":["post-49","page","type-page","status-publish","hentry"],"acf":[],"_links":{"self":[{"href":"https:\/\/darko-tours.com\/hr\/wp-json\/wp\/v2\/pages\/49","targetHints":{"allow":["GET"]}}],"collection":[{"href":"https:\/\/darko-tours.com\/hr\/wp-json\/wp\/v2\/pages"}],"about":[{"href":"https:\/\/darko-tours.com\/hr\/wp-json\/wp\/v2\/types\/page"}],"author":[{"embeddable":true,"href":"https:\/\/darko-tours.com\/hr\/wp-json\/wp\/v2\/users\/2"}],"replies":[{"embeddable":true,"href":"https:\/\/darko-tours.com\/hr\/wp-json\/wp\/v2\/comments?post=49"}],"version-history":[{"count":6,"href":"https:\/\/darko-tours.com\/hr\/wp-json\/wp\/v2\/pages\/49\/revisions"}],"predecessor-version":[{"id":2393,"href":"https:\/\/darko-tours.com\/hr\/wp-json\/wp\/v2\/pages\/49\/revisions\/2393"}],"wp:attachment":[{"href":"https:\/\/darko-tours.com\/hr\/wp-json\/wp\/v2\/media?parent=49"}],"curies":[{"name":"wp","href":"https:\/\/api.w.org\/{rel}","templated":true}]}}