{"id":47,"date":"2024-01-24T02:48:53","date_gmt":"2024-01-24T02:48:53","guid":{"rendered":"https:\/\/darko-tours.com\/?page_id=47"},"modified":"2026-02-16T08:59:51","modified_gmt":"2026-02-16T08:59:51","slug":"putovanja","status":"publish","type":"page","link":"https:\/\/darko-tours.com\/hr\/putovanja\/","title":{"rendered":"Putovanja"},"content":{"rendered":"<h2>Putovanja autobusom \u2013 Hrvatska i Europa<\/h2>\n<p>Tvrtka Darko Tours Prijevoz d.o.o. s dugogodi\u0161njim iskustvom u organiziranju autobusnih putovanja i izleta nudi \u0161irok izbor aran\u017emana prilago\u0111enih razli\u010ditim vrstama putnika.<\/p>\n<p>Bez obzira tra\u017eite li jednodnevni izlet, adventsku avanturu, skijanje, novogodi\u0161nje putovanje ili vi\u0161ednevni obilazak Europe, na\u0161 je cilj osigurati vam sigurno, udobno i ugodno putovanje.<\/p>\n<h3>Organizirana putovanja i izleti<\/h3>\n<p>Na\u0161a putovanja autobusom odlikuju se pouzdanom organizacijom, modernim vozilima i stru\u010dnim osobljem. Svaki aran\u017eman pa\u017eljivo planiramo kako bismo vam omogu\u0107ili bezbri\u017eno i opu\u0161teno iskustvo, bilo da se radi o kra\u0107em izletu ili vi\u0161ednevnom putovanju.<\/p>\n<h3>Vrste putovanja koje nudimo<\/h3>\n<p><strong>Jednodnevna putovanja<\/strong><br \/>\nSavr\u0161ena za brzi bijeg od svakodnevice, jednodnevna putovanja autobusom idealna su za \u0161kolske grupe, team buildinge i obiteljske izlete.<\/p>\n<p><strong>Adventska putovanja<\/strong><br \/>\nDo\u017eivite blagdansku atmosferu i \u010daroliju adventa uz udoban i siguran prijevoz Darko Tours Prijevoz autobusa.<\/p>\n<p><strong>Skijanja<\/strong><br \/>\nZimski mjeseci donose priliku za opu\u0161tanje i zabavu na snijegu \u2013 organiziramo udoban i siguran prijevoz na popularne skija\u0161ke destinacije.<\/p>\n<p><strong>Novogodi\u0161nja putovanja<\/strong><br \/>\nU\u0111ite u novu godinu bez brige o vo\u017enji! Darko Tours Prijevoz novogodi\u0161nja putovanja autobusom pru\u017eaju siguran prijevoz i nezaboravno iskustvo.<\/p>\n<p><strong>Europska i daleka putovanja<\/strong><br \/>\nZa one \u017eeljne avanture i istra\u017eivanja, nudimo europska i daleka autobusna putovanja \u2013 sigurno, udobno i profesionalno organizirano.<\/p>\n<p><strong>Prijevoz za grupe, \u0161kole i agencije<\/strong><br \/>\nDarko Tours Prijevoz sura\u0111uje s turisti\u010dkim agencijama, \u0161kolama, klubovima i tvrtkama, nude\u0107i fleksibilna rje\u0161enja za prijevoz putnika u zemlji i inozemstvu. Na\u0161 moderni vozni park, profesionalni voza\u010di i pa\u017eljivo planiranje putovanja jam\u010de sigurnost, udobnost i to\u010dnost.<\/p>\n","protected":false},"excerpt":{"rendered":"<p>Putovanja autobusom \u2013 Hrvatska i Europa Tvrtka Darko Tours Prijevoz d.o.o. s dugogodi\u0161njim iskustvom u organiziranju autobusnih putovanja i izleta nudi \u0161irok izbor aran\u017emana prilago\u0111enih razli\u010ditim vrstama putnika. Bez obzira tra\u017eite li jednodnevni izlet, adventsku avanturu, skijanje, novogodi\u0161nje putovanje ili vi\u0161ednevni obilazak Europe, na\u0161 je cilj osigurati vam sigurno, udobno i ugodno putovanje. Organizirana putovanja [&hellip;]<\/p>\n","protected":false},"author":2,"featured_media":0,"parent":0,"menu_order":19,"comment_status":"closed","ping_status":"closed","template":"","meta":{"_acf_changed":false,"_et_pb_use_builder":"","_et_pb_old_content":"","_et_gb_content_width":"","inline_featured_image":false,"footnotes":""},"class_list":["post-47","page","type-page","status-publish","hentry"],"acf":[],"_links":{"self":[{"href":"https:\/\/darko-tours.com\/hr\/wp-json\/wp\/v2\/pages\/47","targetHints":{"allow":["GET"]}}],"collection":[{"href":"https:\/\/darko-tours.com\/hr\/wp-json\/wp\/v2\/pages"}],"about":[{"href":"https:\/\/darko-tours.com\/hr\/wp-json\/wp\/v2\/types\/page"}],"author":[{"embeddable":true,"href":"https:\/\/darko-tours.com\/hr\/wp-json\/wp\/v2\/users\/2"}],"replies":[{"embeddable":true,"href":"https:\/\/darko-tours.com\/hr\/wp-json\/wp\/v2\/comments?post=47"}],"version-history":[{"count":2,"href":"https:\/\/darko-tours.com\/hr\/wp-json\/wp\/v2\/pages\/47\/revisions"}],"predecessor-version":[{"id":2371,"href":"https:\/\/darko-tours.com\/hr\/wp-json\/wp\/v2\/pages\/47\/revisions\/2371"}],"wp:attachment":[{"href":"https:\/\/darko-tours.com\/hr\/wp-json\/wp\/v2\/media?parent=47"}],"curies":[{"name":"wp","href":"https:\/\/api.w.org\/{rel}","templated":true}]}}