{"id":45,"date":"2024-01-24T02:48:40","date_gmt":"2024-01-24T02:48:40","guid":{"rendered":"https:\/\/darko-tours.com\/?page_id=45"},"modified":"2026-02-16T08:56:39","modified_gmt":"2026-02-16T08:56:39","slug":"ad-blue","status":"publish","type":"page","link":"https:\/\/darko-tours.com\/hr\/ad-blue\/","title":{"rendered":"AD Blue"},"content":{"rendered":"<h2>AdBlue \u2013 To\u010denje AdBlue aditiva u Zagrebu<\/h2>\n<p>U poslovnom centru Darko Tours Prijevoz d.o.o. u Zagrebu omogu\u0107ili smo to\u010denje AdBlue aditiva po iznimno povoljnoj cijeni od 0,60 \u20ac\/L + PDV. Bez obzira trebate li manju ili ve\u0107u koli\u010dinu, na\u0161i djelatnici osigurat \u0107e vam brzu i jednostavnu uslugu.<\/p>\n<h3>Povoljna cijena i brza usluga<\/h3>\n<p>Nudimo kvalitetan AdBlue aditiv dostupan svim korisnicima na\u0161ih usluga: od osobnih automobila i kombija do autobusa i kamiona. To\u010denje je brzo, jednostavno i uvijek po istoj cijeni, bez obzira na koli\u010dinu. Na\u0161 tim uvijek je na raspolaganju za pomo\u0107 i savjet prilikom to\u010denja.<\/p>\n<h3>Prakti\u010dna lokacija i jednostavan pristup<\/h3>\n<p>Nalazimo se na Slavonskoj aveniji u Zagrebu, s jednostavnim pristupom i dovoljno prostora za manevriranje ve\u0107ih vozila. Idealno mjesto za voza\u010de autobusa, kamiona i dostavnih vozila koji trebaju pouzdanu to\u010dku za redovito to\u010denje AdBlue-a.<\/p>\n<h3>Za\u0161to odabrati Darko Tours Prijevoz AdBlue uslugu<\/h3>\n<ul>\n<li>Cijena od 0,60 \u20ac\/L + PDV<\/li>\n<li>Brza i jednostavna usluga bez \u010dekanja<\/li>\n<li>Pristup za osobna i teretna vozila<\/li>\n<li>Ljubazno osoblje i profesionalna usluga<\/li>\n<\/ul>\n","protected":false},"excerpt":{"rendered":"<p>AdBlue \u2013 To\u010denje AdBlue aditiva u Zagrebu U poslovnom centru Darko Tours Prijevoz d.o.o. u Zagrebu omogu\u0107ili smo to\u010denje AdBlue aditiva po iznimno povoljnoj cijeni od 0,60 \u20ac\/L + PDV. Bez obzira trebate li manju ili ve\u0107u koli\u010dinu, na\u0161i djelatnici osigurat \u0107e vam brzu i jednostavnu uslugu. Povoljna cijena i brza usluga Nudimo kvalitetan AdBlue [&hellip;]<\/p>\n","protected":false},"author":2,"featured_media":0,"parent":0,"menu_order":4,"comment_status":"closed","ping_status":"closed","template":"","meta":{"_acf_changed":false,"_et_pb_use_builder":"","_et_pb_old_content":"","_et_gb_content_width":"","inline_featured_image":false,"footnotes":""},"class_list":["post-45","page","type-page","status-publish","hentry"],"acf":[],"_links":{"self":[{"href":"https:\/\/darko-tours.com\/hr\/wp-json\/wp\/v2\/pages\/45","targetHints":{"allow":["GET"]}}],"collection":[{"href":"https:\/\/darko-tours.com\/hr\/wp-json\/wp\/v2\/pages"}],"about":[{"href":"https:\/\/darko-tours.com\/hr\/wp-json\/wp\/v2\/types\/page"}],"author":[{"embeddable":true,"href":"https:\/\/darko-tours.com\/hr\/wp-json\/wp\/v2\/users\/2"}],"replies":[{"embeddable":true,"href":"https:\/\/darko-tours.com\/hr\/wp-json\/wp\/v2\/comments?post=45"}],"version-history":[{"count":3,"href":"https:\/\/darko-tours.com\/hr\/wp-json\/wp\/v2\/pages\/45\/revisions"}],"predecessor-version":[{"id":2369,"href":"https:\/\/darko-tours.com\/hr\/wp-json\/wp\/v2\/pages\/45\/revisions\/2369"}],"wp:attachment":[{"href":"https:\/\/darko-tours.com\/hr\/wp-json\/wp\/v2\/media?parent=45"}],"curies":[{"name":"wp","href":"https:\/\/api.w.org\/{rel}","templated":true}]}}