{"id":41,"date":"2024-01-24T02:48:15","date_gmt":"2024-01-24T02:48:15","guid":{"rendered":"https:\/\/darko-tours.com\/?page_id=41"},"modified":"2026-02-16T08:51:09","modified_gmt":"2026-02-16T08:51:09","slug":"praonica","status":"publish","type":"page","link":"https:\/\/darko-tours.com\/hr\/praonica\/","title":{"rendered":"Praonica"},"content":{"rendered":"<h2>Autopraonica za autobuse i kamione Zagreb<\/h2>\n<p>U sklopu na\u0161e poslovne jedinice u Zagrebu, Darko Tours Prijevoz d.o.o. pro\u0161irio je djelatnost na odr\u017eavanje i pranje te\u0161kih vozila te otvorio najmoderniju autopraonicu u Europi. Na\u0161a Istobal HW Progress automatska praonica nudi vrhunsku kvalitetu i preciznost zahvaljuju\u0107i laserskom navo\u0111enju i 56 mlaznica koje precizno raspr\u0161uju sredstvo za pranje i vosak.<\/p>\n<h3>Automatizirani sustav pranja, preciznost i u\u010dinkovitost<\/h3>\n<p>Potpuno automatizirani sustav pranja osigurava maksimalnu u\u010dinkovitost i brzu uslugu.<br \/>\nPraonica omogu\u0107uje i podno pranje kao dodatnu opciju, dok \u0107e na\u0161i djelatnici prije svakog tretmana obaviti ru\u010dno pretpranje za savr\u0161enu \u010disto\u0107u. Zahvaljuju\u0107i demineraliziranoj vodi, nakon pranja nema potrebe za brisanjem, ve\u0107 va\u0161e vozilo mo\u017ee odmah natrag u vo\u017enju, \u010disto i sjajno.<\/p>\n<h3>Sigurno i kvalitetno pranje svih vrsta vozila<\/h3>\n<p>Autopraonica Darko Tours Prijevoz namijenjena je autobusima, kamionima, kombi vozilima i vozilima ve\u0107ih dimenzija.Koristimo profesionalna sredstva za pranje i voskove koji \u010duvaju povr\u0161inu vozila i daju dugotrajan sjaj. Na\u0161 cilj je pru\u017eiti brzu, preciznu i ekolo\u0161ki prihvatljivu uslugu pranja vozila uz maksimalnu pa\u017enju prema detaljima.<\/p>\n<h3>Radno vrijeme i ostale informacije<\/h3>\n<p>Ponedjeljak \u2013 Petak: 08:00 \u2013 18:00<br \/>\nSubota: 08:00 \u2013 14:00<br \/>\nNedjelja i blagdani: Zatvoreno<\/p>\n<h3>Cjenik praonice:<\/h3>\n<p>U nastavku mo\u017eete preuzeti na\u0161 cjenik &#8211; <a href=\"https:\/\/darko-tours.com\/wp-content\/uploads\/2024\/11\/AUTOPRAONA-DARKO-TOURS-NOVI-CJENIK-1.11.2024.pdf\" target=\"_blank\" rel=\"noopener\">Cjenik<\/a><\/p>\n<p>Dru\u0161tvene mre\u017ee<br \/>\nPratite nas na Facebooku: <a href=\"https:\/\/www.facebook.com\/busandtruckwashzg\/\" target=\"_blank\" rel=\"noopener\">Bus &amp; LKW Wash Zagreb<\/a><\/p>\n","protected":false},"excerpt":{"rendered":"<p>Autopraonica za autobuse i kamione Zagreb U sklopu na\u0161e poslovne jedinice u Zagrebu, Darko Tours Prijevoz d.o.o. pro\u0161irio je djelatnost na odr\u017eavanje i pranje te\u0161kih vozila te otvorio najmoderniju autopraonicu u Europi. Na\u0161a Istobal HW Progress automatska praonica nudi vrhunsku kvalitetu i preciznost zahvaljuju\u0107i laserskom navo\u0111enju i 56 mlaznica koje precizno raspr\u0161uju sredstvo za pranje [&hellip;]<\/p>\n","protected":false},"author":2,"featured_media":0,"parent":0,"menu_order":16,"comment_status":"closed","ping_status":"closed","template":"","meta":{"_acf_changed":false,"_et_pb_use_builder":"","_et_pb_old_content":"","_et_gb_content_width":"","inline_featured_image":false,"footnotes":""},"class_list":["post-41","page","type-page","status-publish","hentry"],"acf":[],"_links":{"self":[{"href":"https:\/\/darko-tours.com\/hr\/wp-json\/wp\/v2\/pages\/41","targetHints":{"allow":["GET"]}}],"collection":[{"href":"https:\/\/darko-tours.com\/hr\/wp-json\/wp\/v2\/pages"}],"about":[{"href":"https:\/\/darko-tours.com\/hr\/wp-json\/wp\/v2\/types\/page"}],"author":[{"embeddable":true,"href":"https:\/\/darko-tours.com\/hr\/wp-json\/wp\/v2\/users\/2"}],"replies":[{"embeddable":true,"href":"https:\/\/darko-tours.com\/hr\/wp-json\/wp\/v2\/comments?post=41"}],"version-history":[{"count":2,"href":"https:\/\/darko-tours.com\/hr\/wp-json\/wp\/v2\/pages\/41\/revisions"}],"predecessor-version":[{"id":2365,"href":"https:\/\/darko-tours.com\/hr\/wp-json\/wp\/v2\/pages\/41\/revisions\/2365"}],"wp:attachment":[{"href":"https:\/\/darko-tours.com\/hr\/wp-json\/wp\/v2\/media?parent=41"}],"curies":[{"name":"wp","href":"https:\/\/api.w.org\/{rel}","templated":true}]}}