{"id":39,"date":"2024-01-24T02:48:04","date_gmt":"2024-01-24T02:48:04","guid":{"rendered":"https:\/\/darko-tours.com\/?page_id=39"},"modified":"2026-02-13T13:29:37","modified_gmt":"2026-02-13T13:29:37","slug":"vozni-park","status":"publish","type":"page","link":"https:\/\/darko-tours.com\/hr\/vozni-park\/","title":{"rendered":"Vozni park \u2013 Darko Tours Prijevoz d.o.o."},"content":{"rendered":"<p style=\"text-align: center;\">Na\u0161 vozni park sastoji se od modernih i visokokvalitetnih autobusa vode\u0107ih svjetskih proizvo\u0111a\u010da: Setra, Mercedes-Benz i MAN.Sva vozila su redovito odr\u017eavana, tehni\u010dki pregledana i spremna za sigurna i udobna putovanja diljem Hrvatske i Europe.<\/p>\n<h3 style=\"text-align: center;\">Moderni autobusi za sve prilike<\/h3>\n<p style=\"text-align: center;\">Bez obzira trebate li najam autobusa za izlet, poslovno putovanje ili me\u0111unarodna putovanja, Darko Tours Prijevoz nudi vozila razli\u010ditih kapaciteta: od mini buseva s 15 sjedala do turisti\u010dkih autobusa sa 80 sjedala. Svi autobusi opremljeni su klimom, Wi-Fi-em, DVD sustavom, mikrofonima i udobnim sjedalima kako bi svako putovanje bilo ugodno i bezbri\u017eno.<\/p>\n<h3 style=\"text-align: center;\">Setra, Mercedes i MAN, sinonim za sigurnost i udobnost<\/h3>\n<p style=\"text-align: center;\">Posebno smo ponosni na na\u0161u flotu Setra S 515 HD i Setra S 516 HD autobusa, poznatih po vrhunskoj udobnosti, sigurnosnim sustavima i elegantnom dizajnu. Tu su i Mercedes Tourismo te MAN Lion\u2019s Coach modeli koji kombiniraju pouzdanost, performanse i komfor, idealni za dulja i me\u0111unarodna putovanja.<\/p>\n<h3 style=\"text-align: center;\">Redovito odr\u017eavanje i sigurnost putnika<\/h3>\n<p style=\"text-align: center;\">Svi na\u0161i autobusi prolaze redovite tehni\u010dke preglede i preventivno odr\u017eavanje, u skladu s najvi\u0161im standardima sigurnosti. Na\u0161i iskusni voza\u010di i stru\u010dno servisno osoblje brinu da svako vozilo bude u savr\u0161enom stanju prije svakog putovanja.<\/p>\n","protected":false},"excerpt":{"rendered":"<p>Na\u0161 vozni park sastoji se od modernih i visokokvalitetnih autobusa vode\u0107ih svjetskih proizvo\u0111a\u010da: Setra, Mercedes-Benz i MAN.Sva vozila su redovito odr\u017eavana, tehni\u010dki pregledana i spremna za sigurna i udobna putovanja diljem Hrvatske i Europe. Moderni autobusi za sve prilike Bez obzira trebate li najam autobusa za izlet, poslovno putovanje ili me\u0111unarodna putovanja, Darko Tours Prijevoz [&hellip;]<\/p>\n","protected":false},"author":2,"featured_media":0,"parent":0,"menu_order":24,"comment_status":"closed","ping_status":"closed","template":"","meta":{"_acf_changed":false,"_et_pb_use_builder":"","_et_pb_old_content":"","_et_gb_content_width":"","inline_featured_image":false,"footnotes":""},"class_list":["post-39","page","type-page","status-publish","hentry"],"acf":[],"_links":{"self":[{"href":"https:\/\/darko-tours.com\/hr\/wp-json\/wp\/v2\/pages\/39","targetHints":{"allow":["GET"]}}],"collection":[{"href":"https:\/\/darko-tours.com\/hr\/wp-json\/wp\/v2\/pages"}],"about":[{"href":"https:\/\/darko-tours.com\/hr\/wp-json\/wp\/v2\/types\/page"}],"author":[{"embeddable":true,"href":"https:\/\/darko-tours.com\/hr\/wp-json\/wp\/v2\/users\/2"}],"replies":[{"embeddable":true,"href":"https:\/\/darko-tours.com\/hr\/wp-json\/wp\/v2\/comments?post=39"}],"version-history":[{"count":4,"href":"https:\/\/darko-tours.com\/hr\/wp-json\/wp\/v2\/pages\/39\/revisions"}],"predecessor-version":[{"id":2346,"href":"https:\/\/darko-tours.com\/hr\/wp-json\/wp\/v2\/pages\/39\/revisions\/2346"}],"wp:attachment":[{"href":"https:\/\/darko-tours.com\/hr\/wp-json\/wp\/v2\/media?parent=39"}],"curies":[{"name":"wp","href":"https:\/\/api.w.org\/{rel}","templated":true}]}}