{"id":230,"date":"2024-01-25T10:06:15","date_gmt":"2024-01-25T10:06:15","guid":{"rendered":"https:\/\/darko-tours.com\/?page_id=230"},"modified":"2024-02-10T11:13:14","modified_gmt":"2024-02-10T11:13:14","slug":"pravila-privatnosti","status":"publish","type":"page","link":"https:\/\/darko-tours.com\/hr\/pravila-privatnosti\/","title":{"rendered":"Pravila privatnosti"},"content":{"rendered":"<p>IZJAVA O PRIVATNOSTI<br \/>\nDARKO TOURS PRIJEVOZ d.o.o.. priznaje i cijeni Va\u0161e pravo na povjerljivost podataka te se obvezuje o\u010duvati sigurnost podataka koje putem web stranice https:\/\/darko-tours.hr prikupi.<br \/>\nDARKO TOURS PRIJEVOZ d.o.o. prikuplja, obra\u0111uje i \u010duva Va\u0161e osobne podatke sukladno EU Op\u0107oj odredbi o za\u0161titi podataka ( GDPR ) i drugim va\u017ee\u0107im propisima. Podaci ne\u0107e biti proslije\u0111eni tre\u0107im osobama ili iznijeti u tre\u0107e zemlje, osim u slu\u010daju potrebe za realizacijom ugovorenih usluga ( npr. smje\u0161taj, aviokompanija, prijevoznik, osiguranje ). Smatrat \u0107emo da daljnje kori\u0161tenje Internet stranice www.darko-tours.com predstavlja Va\u0161e prihva\u0107anje svih u nastavku opisanih uvjeta.<br \/>\nIzri\u010dito izjavljujemo da slanjem upita i zahtjeva za rezervacijom putni\u010dkoj agenciji Darko-Tours d.o.o. dobrovoljno stavljate na raspolaganje potrebne podatke i dozvoljavate da se isti koriste za sve poslove koje sklapate i ugovarate sa putni\u010dkom agencijom Darko-Tours d.o.o.<br \/>\n1. Prikupljanje i kori\u0161tenje informacija<br \/>\nSukladno \u201e Zakonu o za\u0161titi osobnih podataka\u201c, putni\u010dka agencija DARKO TOURS PRIJEVOZ d.o.o. se obvezuje prikupljati osobne podatke korisnika svojih usluga samo i isklju\u010divo uz njihovu dozvolu i u svrhu s kojom je korisnik usluga prethodno upoznat.<br \/>\nVa\u0161i osobni podaci se prikupljaju i koriste samo na temelju podataka koje ste dobrovoljno dali Darko-Tours d.o.o., bilo registracijom (prilikom registracije koristit \u0107e se osobni podaci kao \u0161to su: ime i prezime, adresa, grad, e-mail, datum ili samo godina ro\u0111enja ) ili kori\u0161tenjem web stranice https:\/\/darko-tours.com<br \/>\nPrikupljeni podaci se \u010duvaju u elektroni\u010dkom obliku, te se primjenjuju sve odgovaraju\u0107e tehni\u010dke i organizacijske mjere kako bi se sprije\u010dila povreda osobnih podataka. Zaprimljene e-mailove s Va\u0161im osobnim podacima DARKO TOURS PRIJEVOZ d.o.o \u0107e koristiti samo u svrhu ispunjavanja Va\u0161ih zahtjeva.<br \/>\nObavezujemo se da iste ne\u0107emo prodati, iznijeti u javnost ili ih dati tre\u0107oj stranci na na\u010din koji nije naveden u ovoj izjavi. Svaki korisnik ima pravo u bilo kojem trenutku zatra\u017eiti brisanje ili a\u017euriranje svojih podataka, slanjem obavijesti na info@darkotours.com<br \/>\n2. Rezervacija usluga<br \/>\nPrilikom rezervacije smje\u0161taja, putovanja ili tre\u0107e usluge koju nudimo, zatra\u017eiti \u0107emo osobne podatke krajnjih korisnika usluge (ime, prezime, kontakt broj telefona) te u svrhu vi\u0161ednevnih putovanja ( datume ro\u0111enja, broj osobne iskaznice), odnosno one podatke koji su nam potrebni kako bismo izvr\u0161ili pravovaljanu rezervaciju. Ti podaci \u0107e se isklju\u010divo koristiti za realizaciju usluge i biti \u0107e dostupni isklju\u010divo partnerima koji sudjeluju u realizaciji usluge, odnosno dobavlja\u010dima usluga, poput hotela i<br \/>\nagenata. Podaci o pla\u0107anju (poput broja kartice i sl.) posebno su za\u0161ti\u0107eni i dostupni samo bankama, odnosno karti\u010dnim ku\u0107ama zbog potrebe autorizacije pla\u0107anja.<br \/>\nNapominjemo da je rezervacija putovanja na Internet stranici Dru\u0161tva dozvoljena isklju\u010divo osobama starijim od 18 godina.<br \/>\n3. Druge WEB stranice i kola\u010di\u0107i<br \/>\nInternet stranice putni\u010dke agencije DARKO TOURS PRIJEVOZ d.o.o. sadr\u017ee linkove na druge internet stranice, te Vas molimo da uzmete u obzir da putni\u010dka agencija DARKO TOURS PRIJEVOZ d.o.o., ne mo\u017ee biti odgovorna za po\u0161tivanje privatnosti na istima. Isti\u010demo va\u017enost izjave o privatnosti koju mo\u017eete prona\u0107i na svim drugim Internet stranicama te skre\u0107emo pozornost na sadr\u017eaj iste. Ova izjava o privatnosti primjenjuje se isklju\u010divo vezano uz informacije prikupljene na ovim Internet stranicama.<br \/>\nKola\u010di\u0107i (engl. Cookies) omogu\u0107avaju DARKO TOURS PRIJEVOZ d.o.o. prikupljanje statisti\u010dkih podataka o pona\u0161anju korisnika na internet stranici www.darko-tours.com (npr. na kojim dijelovima Internet stranice se korisnici zadr\u017eavaju najdu\u017ee, gdje najkra\u0107e), koji se Internet preglednik (npr. Internet Explorer, Opera, Safari, Google Chrome, Firefox) koristi i sli\u010dno.<br \/>\nKola\u010di\u0107i su mali skup podataka sa poslu\u017eitelja Internet stranice https:\/\/darkotours.com na ra\u010dunalo korisnika, a slu\u017ei kao anonimni identifikator. Kola\u010di\u0107i se tako\u0111er koriste za lak\u0161u navigaciju kroz internet stranice (npr. ne morate svaki put iznova unositi podatke za registraciju). Kola\u010di\u0107i se ne koriste s ciljem pristupa korisni\u010dkim podacima ili kako bi se pratile aktivnosti korisnika nakon napu\u0161tanja Internet stranice https:\/\/darko-tours.com<br \/>\nDarko-Tours d.o.o. zadr\u017eava pravo kori\u0161tenja kola\u010di\u0107a na Internet stranici https:\/\/darko-tours.com no svaki korisnik mo\u017ee zabraniti primanje kola\u010di\u0107a ure\u0111ivanjem\/promjenama postavki u svom internet pregledniku.<br \/>\n4. Marketin\u0161ke aktivnosti<br \/>\n\u010clanci na ovoj web-stranici mogu sadr\u017eavati ugra\u0111eni sadr\u017eaj (npr. video, slike, \u010dlanke, itd.). Ugra\u0111eni sadr\u017eaj sa drugih web-stranica pona\u0161a se istovjetno kao da je posjetitelj posjetio tu drugu web-stranicu.<br \/>\nKontakt informacije , kao \u0161to su ime i e-mail adresa, su neophodne u slu\u010daju kada \u017eelite koristiti usluge primanja promotivnih materijala od strane Darko-Tours d.o.o. Promotivni materijali podrazumijevaju informacije o uslugama i posebnim ponudama te novostima ( engl. newsletter ).<br \/>\nUsluga se mo\u017ee onemogu\u0107iti u bilo kojem trenutku na na\u010din da se aktivira poveznica \u201e Odjava\u201c na kraju e-maila ili slanjem zahtjeva za brisanjem sa popisa za digitalni marketing na info@darko-tours.com<br \/>\n5. Sigurnost kori\u0161tenja Internet stranice<br \/>\nPutni\u010dka agencija DARKO TOURS PRIJEVOZ d.o.o. poduzima sve mjere sigurnosti kako bi se za\u0161titili podaci korisnika, tijekom unosa i prijenosa, obrade podataka, te prilikom pohrane. Pristup podacima je ograni\u010den i imaju ga samo oni zaposlenici kojima su isti potrebni radi obavljanja poslovnih poslovnih aktivnosti. Pristup istima je ograni\u010den i imaju ga samo osobe kojima su isti potrebni kako bi se tra\u017eena usluga kvalitetno i u potpunosti pru\u017eila.<br \/>\nOsobni podaci koji su ustupljeni prilikom registracije \u010duvati \u0107e se za vrijeme postojanja Internet stranice odnosno za vrijeme trajanja registracije korisnika. Svi podaci koji su ustupljeni prilikom registracije \/ rezervacije na Internet stranici, biti \u0107e uni\u0161teni najkasnije prilikom ga\u0161enja iste.<br \/>\nKorisnici u bio kojem trenutku imaju pravo zatra\u017eiti obavijest o tome koji se njihovi osobni podaci obra\u0111uju od strane turisti\u010dke agencije Darko-Tours d.o.o, odnosno da se isti izmjene ili obri\u0161u, slanjem zahtjeva na e-mailu adresu info@darko-tours.com<br \/>\n6. Ograni\u010denje kori\u0161tenja web stranice<br \/>\nOve web stranice namijenjene su korisnicima za osobno, nekomercijalno kori\u0161tenje. Nije dozvoljeno mijenjati, kopirati, distribuirati, prikazivati, objavljivati ili na bilo koji na\u010din prenositi ili prodavati bilo koju informaciju, uslugu ili proizvod koji se objavljuje na ovim stranicama. Kori\u0161tenjem ovih web stranica obvezujete se da informacije ovdje dobivene ne\u0107ete koristiti u zabranjene ili ilegalne svrhe ili radnje.<br \/>\n7. Vlasni\u0161tvo<br \/>\nSvi programi i tekstovi na ovim web stranicama su vlasni\u0161tvo putni\u010dke agencije Darko-Tours d.o.o. Kopiranje i neovla\u0161teno kori\u0161tenje istih bez prethodne dozvole od putni\u010dke agencije, koju mo\u017eete zatra\u017eiti na info@darko-tours.com, smatra se ka\u017enjivim djelom.<br \/>\n8. Obavijest o promjenama<br \/>\nU slu\u010daju promjena vezanih za pravila o po\u0161tivanju privatnosti obavijest \u0107e biti objavljena na naslovnoj stranici internet stranice s ciljem upoznavanja korisnika.<\/p>\n","protected":false},"excerpt":{"rendered":"<p>IZJAVA O PRIVATNOSTI DARKO TOURS PRIJEVOZ d.o.o.. priznaje i cijeni Va\u0161e pravo na povjerljivost podataka te se obvezuje o\u010duvati sigurnost podataka koje putem web stranice https:\/\/darko-tours.hr prikupi. DARKO TOURS PRIJEVOZ d.o.o. prikuplja, obra\u0111uje i \u010duva Va\u0161e osobne podatke sukladno EU Op\u0107oj odredbi o za\u0161titi podataka ( GDPR ) i drugim va\u017ee\u0107im propisima. Podaci ne\u0107e biti [&hellip;]<\/p>\n","protected":false},"author":2,"featured_media":0,"parent":0,"menu_order":17,"comment_status":"closed","ping_status":"closed","template":"","meta":{"_acf_changed":false,"_et_pb_use_builder":"","_et_pb_old_content":"","_et_gb_content_width":"","inline_featured_image":false,"footnotes":""},"class_list":["post-230","page","type-page","status-publish","hentry"],"acf":[],"_links":{"self":[{"href":"https:\/\/darko-tours.com\/hr\/wp-json\/wp\/v2\/pages\/230","targetHints":{"allow":["GET"]}}],"collection":[{"href":"https:\/\/darko-tours.com\/hr\/wp-json\/wp\/v2\/pages"}],"about":[{"href":"https:\/\/darko-tours.com\/hr\/wp-json\/wp\/v2\/types\/page"}],"author":[{"embeddable":true,"href":"https:\/\/darko-tours.com\/hr\/wp-json\/wp\/v2\/users\/2"}],"replies":[{"embeddable":true,"href":"https:\/\/darko-tours.com\/hr\/wp-json\/wp\/v2\/comments?post=230"}],"version-history":[{"count":0,"href":"https:\/\/darko-tours.com\/hr\/wp-json\/wp\/v2\/pages\/230\/revisions"}],"wp:attachment":[{"href":"https:\/\/darko-tours.com\/hr\/wp-json\/wp\/v2\/media?parent=230"}],"curies":[{"name":"wp","href":"https:\/\/api.w.org\/{rel}","templated":true}]}}